{"id":282,"date":"2025-03-26T07:53:06","date_gmt":"2025-03-26T07:53:06","guid":{"rendered":"https:\/\/charlesdjade.com\/cart\/"},"modified":"2025-11-11T18:13:07","modified_gmt":"2025-11-11T17:13:07","slug":"cart","status":"publish","type":"page","link":"https:\/\/charlesdjade.com\/?page_id=282","title":{"rendered":"Cart"},"content":{"rendered":"\n<div data-block-name=\"woocommerce\/cart\" class=\"wp-block-woocommerce-cart alignwide is-loading\">\n<div data-block-name=\"woocommerce\/filled-cart-block\" class=\"wp-block-woocommerce-filled-cart-block\">\n<div data-block-name=\"woocommerce\/cart-items-block\" class=\"wp-block-woocommerce-cart-items-block\">\n<div data-block-name=\"woocommerce\/cart-line-items-block\" class=\"wp-block-woocommerce-cart-line-items-block\"><\/div>\n\n\n\n<div data-block-name=\"woocommerce\/cart-cross-sells-block\" class=\"wp-block-woocommerce-cart-cross-sells-block\">\n<h2 class=\"wp-block-heading has-large-font-size\">You may be interested in\u2026<\/h2>\n\n\n\n<div data-block-name=\"woocommerce\/cart-cross-sells-products-block\" class=\"wp-block-woocommerce-cart-cross-sells-products-block\"><\/div>\n<\/div>\n<\/div>\n\n\n\n<div data-block-name=\"woocommerce\/cart-totals-block\" class=\"wp-block-woocommerce-cart-totals-block\">\n<div data-block-name=\"woocommerce\/cart-order-summary-block\" class=\"wp-block-woocommerce-cart-order-summary-block\">\n<div data-block-name=\"woocommerce\/cart-order-summary-heading-block\" class=\"wp-block-woocommerce-cart-order-summary-heading-block\"><\/div><div data-block-name=\"woocommerce\/cart-order-summary-coupon-form-block\" class=\"wp-block-woocommerce-cart-order-summary-coupon-form-block\"><\/div><div data-block-name=\"woocommerce\/cart-order-summary-totals-block\" class=\"wp-block-woocommerce-cart-order-summary-totals-block\">\n<div data-block-name=\"woocommerce\/cart-order-summary-subtotal-block\" class=\"wp-block-woocommerce-cart-order-summary-subtotal-block\"><\/div>\n<div data-block-name=\"woocommerce\/cart-order-summary-discount-block\" class=\"wp-block-woocommerce-cart-order-summary-discount-block\"><\/div>\n<div data-block-name=\"woocommerce\/cart-order-summary-fee-block\" class=\"wp-block-woocommerce-cart-order-summary-fee-block\"><\/div>\n<div data-block-name=\"woocommerce\/cart-order-summary-shipping-block\" class=\"wp-block-woocommerce-cart-order-summary-shipping-block\"><\/div>\n<div data-block-name=\"woocommerce\/cart-order-summary-taxes-block\" class=\"wp-block-woocommerce-cart-order-summary-taxes-block\"><\/div><\/div>\n<\/div>\n\n\n\n<div data-block-name=\"woocommerce\/cart-express-payment-block\" class=\"wp-block-woocommerce-cart-express-payment-block\"><\/div>\n\n\n\n<div data-block-name=\"woocommerce\/proceed-to-checkout-block\" class=\"wp-block-woocommerce-proceed-to-checkout-block\"><\/div>\n\n\n\n<div data-block-name=\"woocommerce\/cart-accepted-payment-methods-block\" class=\"wp-block-woocommerce-cart-accepted-payment-methods-block\"><\/div>\n<\/div>\n<\/div>\n\n\n\n<div data-block-name=\"woocommerce\/empty-cart-block\" class=\"wp-block-woocommerce-empty-cart-block\">\n<h2 class=\"wp-block-heading has-text-align-center with-empty-cart-icon wc-block-cart__empty-cart__title\">Your cart is currently empty!<\/h2>\n\n\n\n<hr class=\"wp-block-separator has-alpha-channel-opacity is-style-dots\"\/>\n\n\n\n<h2 class=\"wp-block-heading has-text-align-center\">New in store<\/h2>\n\n\n<div data-block-name=\"woocommerce\/product-new\" data-columns=\"4\" data-rows=\"1\" class=\"wc-block-grid wp-block-product-new wp-block-woocommerce-product-new wc-block-product-new has-4-columns\"><ul class=\"wc-block-grid__products\"><li class=\"wc-block-grid__product\">\n\t\t\t\t<a href=\"https:\/\/charlesdjade.com\/?product=savon-miracle-arvea\" class=\"wc-block-grid__product-link\">\n\t\t\t\t\t\n\t\t\t\t\t<div class=\"wc-block-grid__product-image\"><img fetchpriority=\"high\" decoding=\"async\" width=\"600\" height=\"765\" src=\"https:\/\/charlesdjade.com\/wp-content\/uploads\/2025\/11\/cc4620c5b04deca6092d2733d3fec728.webp\" class=\"attachment-woocommerce_thumbnail size-woocommerce_thumbnail\" alt=\"S\u2019emploi en externe sur la peau. Peut s\u2019utiliser quotidiennement pour le visage et le corps et pour la douche. Pour un effet gommage et relaxation, masser votre peau activement \u00e0 chaque douche en faisant des gestes circulaires directement avec le savon.\" srcset=\"https:\/\/charlesdjade.com\/wp-content\/uploads\/2025\/11\/cc4620c5b04deca6092d2733d3fec728.webp 600w, https:\/\/charlesdjade.com\/wp-content\/uploads\/2025\/11\/cc4620c5b04deca6092d2733d3fec728-392x500.webp 392w, https:\/\/charlesdjade.com\/wp-content\/uploads\/2025\/11\/cc4620c5b04deca6092d2733d3fec728-235x300.webp 235w, https:\/\/charlesdjade.com\/wp-content\/uploads\/2025\/11\/cc4620c5b04deca6092d2733d3fec728-59x75.webp 59w\" sizes=\"(max-width:767px) 600px, 600px\" \/><\/div>\n\t\t\t\t\t<div class=\"wc-block-grid__product-title\">SAVON MIRACLE Arvea<\/div>\n\t\t\t\t<\/a>\n\t\t\t\t<div class=\"wc-block-grid__product-price price\"><span class=\"woocommerce-Price-amount amount\"><span class=\"woocommerce-Price-currencySymbol\">CFA<\/span>4200<\/span><\/div>\n\t\t\t\t\n\t\t\t\t<div class=\"wp-block-button wc-block-grid__product-add-to-cart\"><a href=\"\/index.php?rest_route=%2Fwp%2Fv2%2Fpages%2F282&#038;add-to-cart=374\" aria-label=\"Ajouter au panier\u00a0: &ldquo;SAVON MIRACLE Arvea&rdquo;\" data-quantity=\"1\" data-product_id=\"374\" data-product_sku=\"\" data-price=\"4200\" rel=\"nofollow\" class=\"wp-block-button__link  add_to_cart_button ajax_add_to_cart\">Ajouter au panier<\/a><\/div>\n\t\t\t<\/li><li class=\"wc-block-grid__product\">\n\t\t\t\t<a href=\"https:\/\/charlesdjade.com\/?product=gel-dentaire-arvea\" class=\"wc-block-grid__product-link\">\n\t\t\t\t\t\n\t\t\t\t\t<div class=\"wc-block-grid__product-image\"><img decoding=\"async\" width=\"600\" height=\"765\" src=\"https:\/\/charlesdjade.com\/wp-content\/uploads\/2025\/11\/dentaire-gel.webp\" class=\"attachment-woocommerce_thumbnail size-woocommerce_thumbnail\" alt=\"Tarif : 5400 fcfa commande au +228 98126778 Ce gel dentaire sans fluor et non abrasif, associe les vertus de l\u2019Aloe vera \u00e0 celles de la propolis pour assurer une hygi\u00e8ne des dents et des gencives. Cette composition est enrichie avec les extraits naturels des feuilles de m\u00e9lisse et des feuilles de saponaire, les huiles essentielles de romarin et de\u00a0thym pour lutter contre les bact\u00e9ries. Le menthol est aussi l\u2019un des composants essentiels de ce gel dentaire pour procurer une sensation de fra\u00eecheur\u00a0et de propret\u00e9. Il est recommand\u00e9 de brosser les dents au moins deux fois par jour. Son utilisation continue donne force, \u00e9clat et blancheur aux dents.\" srcset=\"https:\/\/charlesdjade.com\/wp-content\/uploads\/2025\/11\/dentaire-gel.webp 600w, https:\/\/charlesdjade.com\/wp-content\/uploads\/2025\/11\/dentaire-gel-392x500.webp 392w, https:\/\/charlesdjade.com\/wp-content\/uploads\/2025\/11\/dentaire-gel-235x300.webp 235w, https:\/\/charlesdjade.com\/wp-content\/uploads\/2025\/11\/dentaire-gel-59x75.webp 59w\" sizes=\"(max-width:767px) 600px, 600px\" \/><\/div>\n\t\t\t\t\t<div class=\"wc-block-grid__product-title\">Gel Dentaire Arvea<\/div>\n\t\t\t\t<\/a>\n\t\t\t\t<div class=\"wc-block-grid__product-price price\"><span class=\"woocommerce-Price-amount amount\"><span class=\"woocommerce-Price-currencySymbol\">CFA<\/span>5400<\/span><\/div>\n\t\t\t\t\n\t\t\t\t<div class=\"wp-block-button wc-block-grid__product-add-to-cart\"><a href=\"\/index.php?rest_route=%2Fwp%2Fv2%2Fpages%2F282&#038;add-to-cart=379\" aria-label=\"Ajouter au panier\u00a0: &ldquo;Gel Dentaire Arvea&rdquo;\" data-quantity=\"1\" data-product_id=\"379\" data-product_sku=\"\" data-price=\"5400\" rel=\"nofollow\" class=\"wp-block-button__link  add_to_cart_button ajax_add_to_cart\">Ajouter au panier<\/a><\/div>\n\t\t\t<\/li><li class=\"wc-block-grid__product\">\n\t\t\t\t<a href=\"https:\/\/charlesdjade.com\/?product=creme-pieds-olymiel-family-care\" class=\"wc-block-grid__product-link\">\n\t\t\t\t\t\n\t\t\t\t\t<div class=\"wc-block-grid__product-image\"><img decoding=\"async\" width=\"600\" height=\"765\" src=\"https:\/\/charlesdjade.com\/wp-content\/uploads\/2025\/11\/olymiel.webp\" class=\"attachment-woocommerce_thumbnail size-woocommerce_thumbnail\" alt=\"Appliquer une quantit\u00e9 suffisante de la cr\u00e8me sur les pieds et les talons propres et masser jusqu\u2019\u00e0 absorption compl\u00e8te du produit. Utiliser selon le besoin.\" srcset=\"https:\/\/charlesdjade.com\/wp-content\/uploads\/2025\/11\/olymiel.webp 600w, https:\/\/charlesdjade.com\/wp-content\/uploads\/2025\/11\/olymiel-392x500.webp 392w, https:\/\/charlesdjade.com\/wp-content\/uploads\/2025\/11\/olymiel-235x300.webp 235w, https:\/\/charlesdjade.com\/wp-content\/uploads\/2025\/11\/olymiel-59x75.webp 59w\" sizes=\"(max-width:767px) 600px, 600px\" \/><\/div>\n\t\t\t\t\t<div class=\"wc-block-grid__product-title\">Cr\u00e8me Pieds OLYMIEL Family Care<\/div>\n\t\t\t\t<\/a>\n\t\t\t\t<div class=\"wc-block-grid__product-price price\"><span class=\"woocommerce-Price-amount amount\"><span class=\"woocommerce-Price-currencySymbol\">CFA<\/span>3700<\/span><\/div>\n\t\t\t\t\n\t\t\t\t<div class=\"wp-block-button wc-block-grid__product-add-to-cart\"><a href=\"\/index.php?rest_route=%2Fwp%2Fv2%2Fpages%2F282&#038;add-to-cart=368\" aria-label=\"Ajouter au panier\u00a0: &ldquo;Cr\u00e8me Pieds OLYMIEL Family Care&rdquo;\" data-quantity=\"1\" data-product_id=\"368\" data-product_sku=\"\" data-price=\"3700\" rel=\"nofollow\" class=\"wp-block-button__link  add_to_cart_button ajax_add_to_cart\">Ajouter au panier<\/a><\/div>\n\t\t\t<\/li><li class=\"wc-block-grid__product\">\n\t\t\t\t<a href=\"https:\/\/charlesdjade.com\/?product=creme-miracle-arvea-togo\" class=\"wc-block-grid__product-link\">\n\t\t\t\t\t\n\t\t\t\t\t<div class=\"wc-block-grid__product-image\"><img loading=\"lazy\" decoding=\"async\" width=\"600\" height=\"765\" src=\"https:\/\/charlesdjade.com\/wp-content\/uploads\/2025\/11\/618596ea90a17bfec561dd47ec77bd9b.webp\" class=\"attachment-woocommerce_thumbnail size-woocommerce_thumbnail\" alt=\"Appliquez une quantit\u00e9 suffisante de la cr\u00e8me sur une peau propre et massez jusqu\u2019\u00e0 absorption compl\u00e8te du produit. Vous pouvez l\u2019utiliser sur tout le corps. Conseils et questions fr\u00e9quentes : Appliquer la cr\u00e8me miracle sur le corps juste apr\u00e8s la douche (une peau humide et essuy\u00e9e laisse mieux p\u00e9n\u00e9trer le produit) D\u00e9poser la cr\u00e8me sur la peau en massant de bas vers le haut en effectuant des mouvements circulaires.\" srcset=\"https:\/\/charlesdjade.com\/wp-content\/uploads\/2025\/11\/618596ea90a17bfec561dd47ec77bd9b.webp 600w, https:\/\/charlesdjade.com\/wp-content\/uploads\/2025\/11\/618596ea90a17bfec561dd47ec77bd9b-392x500.webp 392w, https:\/\/charlesdjade.com\/wp-content\/uploads\/2025\/11\/618596ea90a17bfec561dd47ec77bd9b-235x300.webp 235w, https:\/\/charlesdjade.com\/wp-content\/uploads\/2025\/11\/618596ea90a17bfec561dd47ec77bd9b-59x75.webp 59w\" sizes=\"(max-width:767px) 600px, 600px\" \/><\/div>\n\t\t\t\t\t<div class=\"wc-block-grid__product-title\">CR\u00c8ME MIRACLE ARVEA Togo<\/div>\n\t\t\t\t<\/a>\n\t\t\t\t<div class=\"wc-block-grid__product-price price\"><span class=\"woocommerce-Price-amount amount\"><span class=\"woocommerce-Price-currencySymbol\">CFA<\/span>8400<\/span><\/div>\n\t\t\t\t\n\t\t\t\t<div class=\"wp-block-button wc-block-grid__product-add-to-cart\"><a href=\"\/index.php?rest_route=%2Fwp%2Fv2%2Fpages%2F282&#038;add-to-cart=366\" aria-label=\"Ajouter au panier\u00a0: &ldquo;CR\u00c8ME MIRACLE ARVEA Togo&rdquo;\" data-quantity=\"1\" data-product_id=\"366\" data-product_sku=\"\" data-price=\"8400\" rel=\"nofollow\" class=\"wp-block-button__link  add_to_cart_button ajax_add_to_cart\">Ajouter au panier<\/a><\/div>\n\t\t\t<\/li><\/ul><\/div><\/div>\n<\/div>\n","protected":false},"excerpt":{"rendered":"","protected":false},"author":1,"featured_media":0,"parent":0,"menu_order":0,"comment_status":"open","ping_status":"closed","template":"","meta":{"footnotes":""},"class_list":["post-282","page","type-page","status-publish","hentry"],"yoast_head":"<!-- This site is optimized with the Yoast SEO plugin v27.4 - https:\/\/yoast.com\/product\/yoast-seo-wordpress\/ -->\n<title>Cart - Charles Djade boutique<\/title>\n<meta name=\"robots\" content=\"index, follow, max-snippet:-1, max-image-preview:large, max-video-preview:-1\" \/>\n<link rel=\"canonical\" href=\"https:\/\/charlesdjade.com\/?page_id=282\" \/>\n<meta property=\"og:locale\" content=\"fr_FR\" \/>\n<meta property=\"og:type\" content=\"article\" \/>\n<meta property=\"og:title\" content=\"Cart - Charles Djade boutique\" \/>\n<meta property=\"og:url\" content=\"https:\/\/charlesdjade.com\/?page_id=282\" \/>\n<meta property=\"og:site_name\" content=\"Charles Djade boutique\" \/>\n<meta property=\"article:modified_time\" content=\"2025-11-11T17:13:07+00:00\" \/>\n<meta name=\"twitter:card\" content=\"summary_large_image\" \/>\n<script type=\"application\/ld+json\" class=\"yoast-schema-graph\">{\"@context\":\"https:\\\/\\\/schema.org\",\"@graph\":[{\"@type\":\"WebPage\",\"@id\":\"https:\\\/\\\/charlesdjade.com\\\/?page_id=282\",\"url\":\"https:\\\/\\\/charlesdjade.com\\\/?page_id=282\",\"name\":\"Cart - Charles Djade boutique\",\"isPartOf\":{\"@id\":\"https:\\\/\\\/charlesdjade.com\\\/#website\"},\"datePublished\":\"2025-03-26T07:53:06+00:00\",\"dateModified\":\"2025-11-11T17:13:07+00:00\",\"breadcrumb\":{\"@id\":\"https:\\\/\\\/charlesdjade.com\\\/?page_id=282#breadcrumb\"},\"inLanguage\":\"fr-FR\",\"potentialAction\":[{\"@type\":\"ReadAction\",\"target\":[\"https:\\\/\\\/charlesdjade.com\\\/?page_id=282\"]}]},{\"@type\":\"BreadcrumbList\",\"@id\":\"https:\\\/\\\/charlesdjade.com\\\/?page_id=282#breadcrumb\",\"itemListElement\":[{\"@type\":\"ListItem\",\"position\":1,\"name\":\"Accueil\",\"item\":\"https:\\\/\\\/charlesdjade.com\\\/\"},{\"@type\":\"ListItem\",\"position\":2,\"name\":\"Cart\"}]},{\"@type\":\"WebSite\",\"@id\":\"https:\\\/\\\/charlesdjade.com\\\/#website\",\"url\":\"https:\\\/\\\/charlesdjade.com\\\/\",\"name\":\"Charles Djade boutique\",\"description\":\"En avant\",\"publisher\":{\"@id\":\"https:\\\/\\\/charlesdjade.com\\\/#organization\"},\"potentialAction\":[{\"@type\":\"SearchAction\",\"target\":{\"@type\":\"EntryPoint\",\"urlTemplate\":\"https:\\\/\\\/charlesdjade.com\\\/?s={search_term_string}\"},\"query-input\":{\"@type\":\"PropertyValueSpecification\",\"valueRequired\":true,\"valueName\":\"search_term_string\"}}],\"inLanguage\":\"fr-FR\"},{\"@type\":\"Organization\",\"@id\":\"https:\\\/\\\/charlesdjade.com\\\/#organization\",\"name\":\"Charles Djade boutique\",\"url\":\"https:\\\/\\\/charlesdjade.com\\\/\",\"logo\":{\"@type\":\"ImageObject\",\"inLanguage\":\"fr-FR\",\"@id\":\"https:\\\/\\\/charlesdjade.com\\\/#\\\/schema\\\/logo\\\/image\\\/\",\"url\":\"https:\\\/\\\/charlesdjade.com\\\/wp-content\\\/uploads\\\/2025\\\/11\\\/cropped-chic-1.png\",\"contentUrl\":\"https:\\\/\\\/charlesdjade.com\\\/wp-content\\\/uploads\\\/2025\\\/11\\\/cropped-chic-1.png\",\"width\":112,\"height\":28,\"caption\":\"Charles Djade boutique\"},\"image\":{\"@id\":\"https:\\\/\\\/charlesdjade.com\\\/#\\\/schema\\\/logo\\\/image\\\/\"}}]}<\/script>\n<!-- \/ Yoast SEO plugin. -->","yoast_head_json":{"title":"Cart - Charles Djade boutique","robots":{"index":"index","follow":"follow","max-snippet":"max-snippet:-1","max-image-preview":"max-image-preview:large","max-video-preview":"max-video-preview:-1"},"canonical":"https:\/\/charlesdjade.com\/?page_id=282","og_locale":"fr_FR","og_type":"article","og_title":"Cart - Charles Djade boutique","og_url":"https:\/\/charlesdjade.com\/?page_id=282","og_site_name":"Charles Djade boutique","article_modified_time":"2025-11-11T17:13:07+00:00","twitter_card":"summary_large_image","schema":{"@context":"https:\/\/schema.org","@graph":[{"@type":"WebPage","@id":"https:\/\/charlesdjade.com\/?page_id=282","url":"https:\/\/charlesdjade.com\/?page_id=282","name":"Cart - Charles Djade boutique","isPartOf":{"@id":"https:\/\/charlesdjade.com\/#website"},"datePublished":"2025-03-26T07:53:06+00:00","dateModified":"2025-11-11T17:13:07+00:00","breadcrumb":{"@id":"https:\/\/charlesdjade.com\/?page_id=282#breadcrumb"},"inLanguage":"fr-FR","potentialAction":[{"@type":"ReadAction","target":["https:\/\/charlesdjade.com\/?page_id=282"]}]},{"@type":"BreadcrumbList","@id":"https:\/\/charlesdjade.com\/?page_id=282#breadcrumb","itemListElement":[{"@type":"ListItem","position":1,"name":"Accueil","item":"https:\/\/charlesdjade.com\/"},{"@type":"ListItem","position":2,"name":"Cart"}]},{"@type":"WebSite","@id":"https:\/\/charlesdjade.com\/#website","url":"https:\/\/charlesdjade.com\/","name":"Charles Djade boutique","description":"En avant","publisher":{"@id":"https:\/\/charlesdjade.com\/#organization"},"potentialAction":[{"@type":"SearchAction","target":{"@type":"EntryPoint","urlTemplate":"https:\/\/charlesdjade.com\/?s={search_term_string}"},"query-input":{"@type":"PropertyValueSpecification","valueRequired":true,"valueName":"search_term_string"}}],"inLanguage":"fr-FR"},{"@type":"Organization","@id":"https:\/\/charlesdjade.com\/#organization","name":"Charles Djade boutique","url":"https:\/\/charlesdjade.com\/","logo":{"@type":"ImageObject","inLanguage":"fr-FR","@id":"https:\/\/charlesdjade.com\/#\/schema\/logo\/image\/","url":"https:\/\/charlesdjade.com\/wp-content\/uploads\/2025\/11\/cropped-chic-1.png","contentUrl":"https:\/\/charlesdjade.com\/wp-content\/uploads\/2025\/11\/cropped-chic-1.png","width":112,"height":28,"caption":"Charles Djade boutique"},"image":{"@id":"https:\/\/charlesdjade.com\/#\/schema\/logo\/image\/"}}]}},"_links":{"self":[{"href":"https:\/\/charlesdjade.com\/index.php?rest_route=\/wp\/v2\/pages\/282","targetHints":{"allow":["GET"]}}],"collection":[{"href":"https:\/\/charlesdjade.com\/index.php?rest_route=\/wp\/v2\/pages"}],"about":[{"href":"https:\/\/charlesdjade.com\/index.php?rest_route=\/wp\/v2\/types\/page"}],"author":[{"embeddable":true,"href":"https:\/\/charlesdjade.com\/index.php?rest_route=\/wp\/v2\/users\/1"}],"replies":[{"embeddable":true,"href":"https:\/\/charlesdjade.com\/index.php?rest_route=%2Fwp%2Fv2%2Fcomments&post=282"}],"version-history":[{"count":1,"href":"https:\/\/charlesdjade.com\/index.php?rest_route=\/wp\/v2\/pages\/282\/revisions"}],"predecessor-version":[{"id":306,"href":"https:\/\/charlesdjade.com\/index.php?rest_route=\/wp\/v2\/pages\/282\/revisions\/306"}],"wp:attachment":[{"href":"https:\/\/charlesdjade.com\/index.php?rest_route=%2Fwp%2Fv2%2Fmedia&parent=282"}],"curies":[{"name":"wp","href":"https:\/\/api.w.org\/{rel}","templated":true}]}}